{"id":870,"date":"2018-02-26T16:39:49","date_gmt":"2018-02-26T15:39:49","guid":{"rendered":"https:\/\/disabledrefugeeswelcome.se\/?page_id=870"},"modified":"2023-09-12T14:47:09","modified_gmt":"2023-09-12T12:47:09","slug":"nyhetsbrev","status":"publish","type":"page","link":"https:\/\/test1.disabledrefugeeswelcome.se\/en\/nyhetsbrev\/","title":{"rendered":"Newsletters"},"content":{"rendered":"<p>Newsletters<\/p>\n<p>These are written and sent in Swedish but some have been translated to english.<\/p>\n<p><strong><a href=\"https:\/\/utskick.assistanskoll.se\/?p=subscribe&amp;id=2\">Subscribe<\/a><\/strong><\/p>\n<hr \/>\n<p><h2>2026<\/h2>\n<ul class=\"frpge\">\n                <li class=\"newsletter\"><a href=\"https:\/\/test1.disabledrefugeeswelcome.se\/en\/2026\/01\/adolf-ratzka-minnesfond-stod-for-migranter-med-funktionsnedsattning-i-sverige\/\"><strong>Adolf Ratzka Minnesfond: St\u00f6d f\u00f6r migranter med funktionsneds\u00e4ttning i Sverige<\/strong>, <span class=\"post-date\">2026-01-22<\/span><\/a><br>\n                    Adolf Ratzka Minnesfond: St\u00f6d f\u00f6r migranter med funktionsneds\u00e4ttning i Sverige Adolf Ratzka Minnesfond\u00a0(Adolf Ratzka Memorial Fund for Migrants with Disability)\u00a0syftar till att f\u00f6rb\u00e4ttra m\u00f6jligheterna f\u00f6r migranter med funktionsneds\u00e4ttningar att bli mer delaktiga och etablerade i samh\u00e4llet, n\u00e4rma sig arbetslivet och f\u00f6rst\u00e4rka sin st\u00e4llning p\u00e5 arbetsmarknaden samt f\u00e5 tillg\u00e5ng till sina r\u00e4ttigheter i Sverige. Vem kan &hellip; <a href=\"https:\/\/test1.disabledrefugeeswelcome.se\/en\/2026\/01\/adolf-ratzka-minnesfond-stod-for-migranter-med-funktionsnedsattning-i-sverige\/\" class=\"more-link\">Continue reading<span class=\"screen-reader-text\"> \"Adolf Ratzka Minnesfond: St\u00f6d f\u00f6r migranter med funktionsneds\u00e4ttning i Sverige\"<\/span><\/a>\n                <\/li>\n\n<\/ul>\n<h2>2025<\/h2>\n<ul class=\"frpge\">\n                <li class=\"newsletter\"><a href=\"https:\/\/test1.disabledrefugeeswelcome.se\/en\/2025\/04\/nyhetsbrev-3-2025-disabled-refugees-welcome-ratten-till-arbete\/\"><strong>Newsletter #3 2025 The project has ended<\/strong>, <span class=\"post-date\">2025-04-02<\/span><\/a><br>\n                    &#8220;A role model&#8221;, &#8220;you have made a difference&#8221;, &#8220;a completely unique initiative that was really needed for a long time&#8221;, &#8220;you have achieved a lot in just three years&#8221; \u2013 there were many words of praise at the project&#8217;s final conference. In this newsletter we have tips on foundations and funds to seek money from &hellip; <a href=\"https:\/\/test1.disabledrefugeeswelcome.se\/en\/2025\/04\/nyhetsbrev-3-2025-disabled-refugees-welcome-ratten-till-arbete\/\" class=\"more-link\">Continue reading<span class=\"screen-reader-text\"> \"Newsletter #3 2025 The project has ended\"<\/span><\/a>\n                <\/li>\n\n<\/ul>\n<h2>2024<\/h2>\n<ul class=\"frpge\">\n                <li class=\"newsletter\"><a href=\"https:\/\/test1.disabledrefugeeswelcome.se\/en\/2024\/02\/nyhetsbrev-1-2024-disabled-refugees-welcome-ratten-till-arbete\/\"><strong>Newsletter #1 2024 Disabled Refugees Welcome \u2013 the right to work<\/strong>, <span class=\"post-date\">2024-02-06<\/span><\/a><br>\n                    Take a course with us! DRW &#8211; RTA organizes courses on several important and interesting topics: the philosophy of independent living, disability and migration laws, the Convention on the Rights of Persons with Disabilities etc. etc. In this newsletter we also have an interview with our Head of Education Suzanne Elmqvist and links to our &hellip; <a href=\"https:\/\/test1.disabledrefugeeswelcome.se\/en\/2024\/02\/nyhetsbrev-1-2024-disabled-refugees-welcome-ratten-till-arbete\/\" class=\"more-link\">Continue reading<span class=\"screen-reader-text\"> \"Newsletter #1 2024 Disabled Refugees Welcome \u2013 the right to work\"<\/span><\/a>\n                <\/li>\n\n<\/ul>\n<h2>2022<\/h2>\n<ul class=\"frpge\">\n                <li class=\"newsletter\"><a href=\"https:\/\/test1.disabledrefugeeswelcome.se\/en\/2022\/12\/nyhetsbrev-6-2022-disabled-refugees-welcome-ratten-till-arbete\/\"><strong>Newsletter #6  2022 Disabled Refugees Welcome \u2013 The Right to Work<\/strong>, <span class=\"post-date\">2022-12-06<\/span><\/a><br>\n                    Save the date \u2013 events in december! Disabled Refugees Welcome \u2013 The right to work &#8211; is organising a couple of free events now in December that we invite you to attend. Also in this newsletter: the project has been at the MR days in \u00d6rebro, an interview with the project&#8217;s advisor and field worker &hellip; <a href=\"https:\/\/test1.disabledrefugeeswelcome.se\/en\/2022\/12\/nyhetsbrev-6-2022-disabled-refugees-welcome-ratten-till-arbete\/\" class=\"more-link\">Continue reading<span class=\"screen-reader-text\"> \"Newsletter #6  2022 Disabled Refugees Welcome \u2013 The Right to Work\"<\/span><\/a>\n                <\/li>\n                <li class=\"newsletter\"><a href=\"https:\/\/test1.disabledrefugeeswelcome.se\/en\/2022\/08\/nyhetsbrev-3-2022-disabled-refugees-welcome-ratten-till-arbete\/\"><strong>Newsletter #3 2022 Disabled Refugees Welcome \u2013 The Right to Work<\/strong>, <span class=\"post-date\">2022-08-31<\/span><\/a><br>\n                    This Autumn The project has already interviewed several people with disabilities who are looking for work, and we would like to interview many more.\u00a0\u00a0 Activities in September 18 September\u00a013:30 Meeting in Kungstr\u00e4dg\u00e5rden in Stockholm.\u00a0See you in the grass at the Tea House. Register with Rahel, phone: 0734242225 Email: rahel@independentliving.org or Tony, phone: 0720226828 Email:\u00a0\u00a0antwan@independentliving.org More &hellip; <a href=\"https:\/\/test1.disabledrefugeeswelcome.se\/en\/2022\/08\/nyhetsbrev-3-2022-disabled-refugees-welcome-ratten-till-arbete\/\" class=\"more-link\">Continue reading<span class=\"screen-reader-text\"> \"Newsletter #3 2022 Disabled Refugees Welcome \u2013 The Right to Work\"<\/span><\/a>\n                <\/li>\n                <li class=\"newsletter\"><a href=\"https:\/\/test1.disabledrefugeeswelcome.se\/en\/2022\/05\/nyhetsbrev-2-2022-disabled-refugees-welcome-omsesidig-integration-och-ratten-till-arbete\/\"><strong>Newsletter # 2 2022 Disabled Refugees Welcome &#8211; Mutual Integration and the Right to Work<\/strong>, <span class=\"post-date\">2022-05-25<\/span><\/a><br>\n                    Summer is coming and we have a planned series of meetings and events &#8211; so get your calendar and book these dates in June. Without your support and your participation, we will not get anywhere. Get in touch with our field workers! The Mutual Integration and Right to Work (RTA) project has two field workers &hellip; <a href=\"https:\/\/test1.disabledrefugeeswelcome.se\/en\/2022\/05\/nyhetsbrev-2-2022-disabled-refugees-welcome-omsesidig-integration-och-ratten-till-arbete\/\" class=\"more-link\">Continue reading<span class=\"screen-reader-text\"> \"Newsletter # 2 2022 Disabled Refugees Welcome &#8211; Mutual Integration and the Right to Work\"<\/span><\/a>\n                <\/li>\n<\/ul><\/p>","protected":false},"excerpt":{"rendered":"<p>Newsletters These are written and sent in Swedish but some have been translated to english. Subscribe<\/p>\n","protected":false},"author":4,"featured_media":2165,"parent":0,"menu_order":0,"comment_status":"closed","ping_status":"closed","template":"","meta":{"footnotes":""},"class_list":["post-870","page","type-page","status-publish","has-post-thumbnail","hentry"],"_links":{"self":[{"href":"https:\/\/test1.disabledrefugeeswelcome.se\/en\/wp-json\/wp\/v2\/pages\/870","targetHints":{"allow":["GET"]}}],"collection":[{"href":"https:\/\/test1.disabledrefugeeswelcome.se\/en\/wp-json\/wp\/v2\/pages"}],"about":[{"href":"https:\/\/test1.disabledrefugeeswelcome.se\/en\/wp-json\/wp\/v2\/types\/page"}],"author":[{"embeddable":true,"href":"https:\/\/test1.disabledrefugeeswelcome.se\/en\/wp-json\/wp\/v2\/users\/4"}],"replies":[{"embeddable":true,"href":"https:\/\/test1.disabledrefugeeswelcome.se\/en\/wp-json\/wp\/v2\/comments?post=870"}],"version-history":[{"count":61,"href":"https:\/\/test1.disabledrefugeeswelcome.se\/en\/wp-json\/wp\/v2\/pages\/870\/revisions"}],"predecessor-version":[{"id":4746,"href":"https:\/\/test1.disabledrefugeeswelcome.se\/en\/wp-json\/wp\/v2\/pages\/870\/revisions\/4746"}],"wp:featuredmedia":[{"embeddable":true,"href":"https:\/\/test1.disabledrefugeeswelcome.se\/en\/wp-json\/wp\/v2\/media\/2165"}],"wp:attachment":[{"href":"https:\/\/test1.disabledrefugeeswelcome.se\/en\/wp-json\/wp\/v2\/media?parent=870"}],"curies":[{"name":"wp","href":"https:\/\/api.w.org\/{rel}","templated":true}]}}